{"id":229,"date":"2015-07-27T03:29:01","date_gmt":"2015-07-27T03:29:01","guid":{"rendered":"http:\/\/demo.oceanthemes.net\/archi\/?page_id=229"},"modified":"2020-03-09T18:07:29","modified_gmt":"2020-03-09T18:07:29","slug":"aboutus","status":"publish","type":"page","link":"https:\/\/metko.co.uk\/tr\/aboutus\/","title":{"rendered":"Hakk\u0131m\u0131zda"},"content":{"rendered":"<p>[vc_row fullwidth=&#8221;yes&#8221; img_halfrow=&#8221;yes&#8221; halfrow_image=&#8221;1517&#8243; img_columns=&#8221;5columns&#8221; img_position=&#8221;imgleft&#8221; css=&#8221;.vc_custom_1578473289171{background-position: 0 0 !important;background-repeat: no-repeat !important;}&#8221;][vc_column animate=&#8221;fadinright&#8221; delay=&#8221;1&#8243; offset=&#8221;vc_col-lg-offset-6 vc_col-lg-5 vc_col-md-offset-6 vc_col-md-5&#8243;][vc_column_text css=&#8221;.vc_custom_1578473159636{margin-bottom: 0px !important;}&#8221;]<\/p>\n<h2>Artistic touches to your buildings&#8230;<\/h2>\n<p>As Metko Construction, we provide you with complete contracting services in all of your projects. Bardev Construction, which sets out from design to production with its expert team, is proud to offer you reliable team and solution needs in the sector.<\/p>\n<p>Metko construction, which provides you with infrastructure and contracting services in many structures such as factory buildings, hospitals, shopping centers, schools, buildings, villas, also works in high desires such as insulation, gypsum plaster, paint, gypsum board, ceiling applications, floor applications. will be happy to be your solution partner.<\/p>\n<p><strong>OUR VISION<\/strong><br \/>\nOur professional, strong and stable structure, quality service, reliable and timely completion of ourselves in line with our goal to continuously improve and renew the best always with the best quality and appropriate solutions to offer<\/p>\n<p><strong>OUR MISSION<\/strong><br \/>\nTo create value for our customers, investors and employees by developing the understanding of quality living space in our country close to technological innovations, to continue to produce, to win and to gain by knowing that it is possible by adding value only.[\/vc_column_text][\/vc_column][\/vc_row][vc_row css=&#8221;.vc_custom_1557819717247{background-image: url(http:\/\/fransizoto.com\/bardev\/wp-content\/uploads\/2015\/08\/kentselbg2.jpg?id=1155) !important;background-position: center !important;background-repeat: no-repeat !important;background-size: cover !important;}&#8221; el_class=&#8221;bg-fixed&#8221;][vc_column animate=&#8221;fadeinup&#8221;]\n\t<!-- Element: OT Heading --> \t \n\t<h1 class=\"ot_custom_heading  \" style=\"text-align: center;color: #ffffff;\" >Customer Comments<\/h1>\t\n\t<!-- Element: OT Line solid --> \t \n\t<div class=\" separator \"><span><i class=\"fa fa-circle\"><\/i><\/span><\/div>\n\t<div class=\"spacer-single\"><\/div>\t      \n[\/vc_column][vc_column]\t<!-- Element: OT Testimonial Silder -->\t\n\t<div id=\"testimonial-carousel-69d7aba493ce7\" class=\"de_carousel  wow fadeInUp\" data-wow-delay=\".3s\">\n\t        <div class=\"col-md-6 item\">\n            <div class=\"de_testi\">\n                <blockquote>\n                    <p>Projelerimizde eksiksiz ve zaman\u0131nda hizmet sunduklar\u0131 i\u00e7in \u00e7ok te\u015fekk\u00fcr ederiz. Uzun y\u0131llar \u00e7al\u0131\u015fmak dile\u011fiyle<\/p>\n                    <div class=\"de_testi_by no-margin\">\n\n                    \t\n\t\t\t\t\t\t<div >\n                        \tDo\u011fu\u015f Yap\u0131, Director                        <\/div>\n\n                    <\/div>\n                <\/blockquote>\n\n            <\/div>\n        <\/div>\n                <div class=\"col-md-6 item\">\n            <div class=\"de_testi\">\n                <blockquote>\n                    <p>Bir \u00e7ok projede birlikte \u00e7al\u0131\u015ft\u0131k ve \u00e7ok memnunuz. Ekipleri olduk\u00e7a profesyonel ve ger\u00e7ekten bu i\u015flerde olduk\u00e7a ba\u015far\u0131l\u0131lar.<\/p>\n                    <div class=\"de_testi_by no-margin\">\n\n                    \t\n\t\t\t\t\t\t<div >\n                        \tFemetal A.\u015e., Director                        <\/div>\n\n                    <\/div>\n                <\/blockquote>\n\n            <\/div>\n        <\/div>\n                <div class=\"col-md-6 item\">\n            <div class=\"de_testi\">\n                <blockquote>\n                    <p>Fabrikam\u0131z\u0131n zemin uygulamalar\u0131nda Bardev \u0130n\u015faat ile birlikte \u00e7al\u0131\u015ft\u0131k ve sonu\u00e7tan \u00e7ok memnun kald\u0131k. Di\u011fer projelerimizde g\u00f6r\u00fc\u015fmek \u00fczere<\/p>\n                    <div class=\"de_testi_by no-margin\">\n\n                    \t\n\t\t\t\t\t\t<div >\n                        \tBat\u0131s\u00f6ke, Director                        <\/div>\n\n                    <\/div>\n                <\/blockquote>\n\n            <\/div>\n        <\/div>\n            <\/div>\n    <script type=\"text\/javascript\">\n    \tjQuery(document).ready(function() {\t\t\n\t\t\t'use strict';\n\t\t\tjQuery(\"#testimonial-carousel-69d7aba493ce7\").owlCarousel({\n\t\t\t    items : 2,\n\t\t\t\titemsDesktop : [1199,2],\n\t\t\t\titemsDesktopSmall : [980,2],\n\t\t\t    itemsTablet: [768,1],\n\t\t\t    itemsTabletSmall: false,\n\t\t\t    itemsMobile : [479,1],\n\t\t\t    navigation : false,\n\t\t\t\tautoHeight : false,\n\t\t\t\tautoPlay : false,\n\t\t\t\tslideSpeed : 200,\n\t\t        paginationSpeed : 800,\n\t\t        rewindSpeed : 1000,\n\t\t   \t\tnavigationText : ['', ''],\n\t\t    });\n\t\t});\n    <\/script>\n[\/vc_column][\/vc_row][vc_row fullwidth=&#8221;yes&#8221; css=&#8221;.vc_custom_1442204650520{padding-top: 60px !important;padding-bottom: 60px !important;}&#8221; el_class=&#8221;call-to-action bg-color text-center&#8221;][vc_column]\t\t\t\n\t<!-- Element: OT Button --> \n\t\t\t<a href=\"http:\/\/www.metko.uk\/contact\/\" target=\"_self\" class=\"btn btn-line-black btn-big  \">Contact Us<\/a>\n\t    \n[\/vc_column][\/vc_row]<\/p>\n","protected":false},"excerpt":{"rendered":"<p>[vc_row fullwidth=&#8221;yes&#8221; img_halfrow=&#8221;yes&#8221; halfrow_image=&#8221;1517&#8243; img_columns=&#8221;5columns&#8221; img_position=&#8221;imgleft&#8221; css=&#8221;.vc_custom_1578473289171{background-position: 0 0 !important;background-repeat: no-repeat !important;}&#8221;][vc_column animate=&#8221;fadinright&#8221; delay=&#8221;1&#8243; offset=&#8221;vc_col-lg-offset-6 vc_col-lg-5 vc_col-md-offset-6 vc_col-md-5&#8243;][vc_column_text css=&#8221;.vc_custom_1578473159636{margin-bottom: 0px !important;}&#8221;] Artistic touches to your buildings&#8230; As Metko Construction, we provide you with complete contracting services in all of your projects. Bardev Construction, which sets out from design to production with its expert team, is [&hellip;]<\/p>\n","protected":false},"author":1,"featured_media":0,"parent":0,"menu_order":0,"comment_status":"open","ping_status":"open","template":"page-templates\/template-fullwidth.php","meta":{"footnotes":""},"class_list":["post-229","page","type-page","status-publish","hentry"],"_links":{"self":[{"href":"https:\/\/metko.co.uk\/tr\/wp-json\/wp\/v2\/pages\/229","targetHints":{"allow":["GET"]}}],"collection":[{"href":"https:\/\/metko.co.uk\/tr\/wp-json\/wp\/v2\/pages"}],"about":[{"href":"https:\/\/metko.co.uk\/tr\/wp-json\/wp\/v2\/types\/page"}],"author":[{"embeddable":true,"href":"https:\/\/metko.co.uk\/tr\/wp-json\/wp\/v2\/users\/1"}],"replies":[{"embeddable":true,"href":"https:\/\/metko.co.uk\/tr\/wp-json\/wp\/v2\/comments?post=229"}],"version-history":[{"count":11,"href":"https:\/\/metko.co.uk\/tr\/wp-json\/wp\/v2\/pages\/229\/revisions"}],"predecessor-version":[{"id":1566,"href":"https:\/\/metko.co.uk\/tr\/wp-json\/wp\/v2\/pages\/229\/revisions\/1566"}],"wp:attachment":[{"href":"https:\/\/metko.co.uk\/tr\/wp-json\/wp\/v2\/media?parent=229"}],"curies":[{"name":"wp","href":"https:\/\/api.w.org\/{rel}","templated":true}]}}